{"id":830,"date":"2011-04-21T11:32:45","date_gmt":"2011-04-21T11:32:45","guid":{"rendered":"http:\/\/www.franciscotorregrosa.com\/biography\/"},"modified":"2011-04-21T11:32:45","modified_gmt":"2011-04-21T11:32:45","slug":"biography","status":"publish","type":"page","link":"https:\/\/www.franciscotorregrosa.com\/en\/biography\/","title":{"rendered":"Biography"},"content":{"rendered":"<p>Through this artistic universe one day man wasborn and with him comprehension and artistic manifesta\u00edions have been happening throughout history.\u00a0True artists have\u00a0appeared every period of time and have contributed to raake Ufe more beautifi\u00edl. Althougli times have been changing, the essence of art has always remained the same. Today, while thousands of artists arise every day, aj\u00ed of them looking for their identity and showing the world their creativity, appears Francisco Torregrosa.Born in a small town (around 7.000 inhabitants) called Muro del Alcoy in Alicante province, Spain. He carne into being on May 1953. He has always been a common man. As a painter he has been and is very creative always evolving and very keen on coloiir. His life has always been influenced by two important features: the f\u00edrst one is because he has lived in an \u00e1rea very important in archaelogical sites and the second one because he belongs to a family where there are a large number of artists. Perhaps such outer reasons have let him go deeper and deeper into his inner being because he states that art is an infinite world witJiin overselves and tha\u00ed it is also a wonderfi\u00edl manifestation of soul to be understood by everyone who loves art. He has always been aware of how complicated the world of painting is. That&#8217;s why he never made his mind up to organise an exhibition. But one day in 1982, supported by friends and relatives , he decided to exhibit some of his works at an auction held at the Town hall. It was such a success that since that moment, he entered this world, but being counscious that the path wouldn&#8217;t be easy. Thanks to his constancy, creativity and his own faith in what he does allow him to jump the barriers. His painting contribute to the world of modern art with special characteristics. His abstraction get a deep sensibility. On every canvas he reflexes abstract forms but difFerent in lines and colours. The colour he uses representa aparallel world whose limits are colour, m\u00faltiple combinations and the infinite. Sensibilily, armony, light and many otlier ingredients make of Torregrosa, be an original painter; just give him colours and he will expand them in thousands of ways, giving them life and beauty. He also paints oils, acrilics, gouache or cold enamel but he is most fond of the mixed technique. He has achieved true wonders by the fusi\u00f3n of colours as well as deep forms which remind us of his inovator spirit. His works express such tenderness of colour that Torregrosa becomes a painter with\u00a0an intelligent mastership of colour who contributes the world to appreciate art.\u00a0Admiring and believing in Francisco Torregrosa&#8217;s paintings is believing in him, in his \u00bfIlusi\u00f3n and his fi\u00edture. His new concept of art breaks through all the roles already established. Therefore, as he is so inovator his only aim is that his style of painting to conquer new hearts and new sensibilities all over\u00a0the world and he would like his art to be loved by people from all walks of life. In many occasions he has stated tha\u00ed he is neither better \u00f1or worse than other painters, but different. Such difFerence has been taken forn\u00ed during his life since his feelings and his power of creativity started to become original since the day he was born. On May 9* 1953<\/p>\n<h3>1953<\/h3>\n<p>Francisco Torregrosa is born on 9* May in a small town of Alicante province in the south-east of Spain in Europe. At the time of his birth, the town was celebrating its main festivals. The bands were playing in the streets. Everywhere smelt of &#8220;FIESTA&#8221;. In this way was born the only child his parents had.<\/p>\n<h3>1957<\/h3>\n<p>At this early age, he not only played with friends, but he also went to some relatives&#8217; home and played to be a painter. Those gave him pieces of papers and a small brush and some oil paints. He said he wanted to be a painter like them but obviously he had no idea in the art of colour mixing but he had one thing clear, he loved painting and was determined to learn.<\/p>\n<h3>1958-1963<\/h3>\n<p>Student at school. He was goot ai studyng. He also helped his parents in the bakery they owned. He still went to his relatives,&#8217; but not so often. He started to buy his own materials for painting. Althoug school, helping in the bakery and playing with friends took most part of his time he even had I time to practise his favourity &#8220;HOBBY&#8221;. He used to paint whatever thing, but his favourite drawings were Walt Disney&#8217;s. But the most important thing for him was to give them colour because colour meant life. He also painted colourless comics, selling them to other chiidren afterwards. He built a small stall near the church and put all the new comics on display.<\/p>\n<h3>1964<\/h3>\n<p>His grandmother (his fa\u00edher&#8217;s mother) died, making him feel very sad, because she had been a woman who collaborated very much in his religions belifs. She taught him to valu\u00e9 responsability in work and inlife. Following those rules, he knew he could achieve many things in life<\/p>\n<h3>1965<\/h3>\n<p>He started secondary school, met new \u00edriends, new hobbies such as basket and mountain climbing. He was very interested in history, to such extent that he wanted to seek archaeological sites in the mountains which his town was surronded by, since he learnt that many civilitations had lived on those mountains\u00a0since the pre-historic man. For him, even the smallest piece of china had hist\u00f3rica! valu\u00e9 as well as an artistic one. He learnt to love the world we inherited from our ancestors day after day. He also wanted to understand nature and to comprehend whatever forn\u00ed of life no matter how small it was. He counsiders creation to be a beautifi\u00edl master piece of GOD.<\/p>\n<h3>1966-1969<\/h3>\n<p>He starts his way towards his target. He becomes a student at San Roque school in Alcoy, and al last he learns how to use colours and mix them. He also starts using different techniques as oil, acrilics and guache. He found most interesting visiting relatives who painted for commercial purposes, he learns a lot by just watching them. He practised wha\u00ed learnt. He had one thing on mind, he didn&#8217;t want to paint anything that could be repeated, He wanted to cr\u00e9ate such original works that couldn&#8217;t evenbe repeated by himself.<\/p>\n<h3>1970-1971<\/h3>\n<p>For some reasons that had to do with his Father&#8217;s health he decides to study at nigm in order to help atthe bakery during the daytime. He studied very hard for 2 years but these were always some hours left for him to practise with different techniques of paintings, because he was fond of combinating colours from dif\u00ederent kinds of paints.<\/p>\n<h3>1972<\/h3>\n<p>When he was preparing the course to join university (he would have liked to have studied psicology), his father got worse and decided to give up his studies to work \u00edbll time at the bakery. In spite of everything he felt quite happy because that meant he could have some freetime and do what he liked doing : Painting. His parents did not support his idea of painting very much, they thought it was hard to earn his living just by painting.<\/p>\n<h3>1973-1977<\/h3>\n<p>Good time for the bakery. Anyhow he contin\u00faes painting in his free time, inventing new forma everytime. The time of doing the military service approaches. He is sent to the air Forces. Owing to the work he was doing at that time, he received some dif\u00ederent sorts of paintings. He liked that fact because for him it was another source of inspirad onAll he had larnt, all he had practised was so useful for him so in this way his mixed technique was born.<\/p>\n<h3>1978<\/h3>\n<p>He gets married in June new projects for painting are born, his wife supports his ideas. He had the invention of creating his own personal style although it was only for his house decoration.<\/p>\n<h3>1979<\/h3>\n<p>Good year for his artistic career, he starts practising all what he had learnt. He creates 2 styles, the mixed technique (acrilic plus aerosol painting). He starts experimenting with raised works, with wax, glue or other materials step by step he dec\u00f3rales his house with his own paintings. He thought of himself as an original painter, he ai last, was abie to show his art to his relatives and to all the people who happened to visit him.<\/p>\n<h3>1980<\/h3>\n<p>He felt filled with happiness becanse he was performing the things he liked. The bakery gave him the money to mantain his home and painting gave him a lot of pleasure because he felt very satisfied to be able to do it, when painting he even forgot about time . This year he also paints oil on paper- Acrilics.<\/p>\n<h3>1982<\/h3>\n<p>The town hall organises an exhibition in which all the town painters take place. He decides to exhibit 3 of his paintings. People&#8217;s reaction towards his painting were so positive, and so encouraging that he decides to enter the world of art, He starts creating exhibitions and preparing himself strongly in order to give out a positive image, better than ever. He spends the autunm making contacts with galleries in Madrid, Barcelona and Valencia.<\/p>\n<h3>1983-1984<\/h3>\n<p>Years dedicated exclusivelly to the production of works in order to have enough pictures to startexhibiting. He was aware of the difiiculties he could come accross but in spite of everything he relied on his painting. He wanted to find people all over the world who understood and felt for his art the some as he felt. He regreted to have to sell his pintures because he considered them as if they were his children apart from being original and imposible to reproduce.<\/p>\n<h3>1985<\/h3>\n<p>Francisco Torregrosa exhibits individually four times and once collectively.Good criticism on the radio and newspapers. But he becomes most satisfied by the acceptation of the people from severa! countries as Germany Belgium Holland, France, Sweden, Italy because the individual exhibitions travelled around the Spanish coast where many people were spending their holidays. No doubt, his paintings were catching on.<\/p>\n<h3>1986<\/h3>\n<p>Two more individual exhibitions, one of them in Muro. It was a geat success. People couldn&#8217;t understand how he managed to carry out two Jobs at tlie same time. The gallery works, but not exclusivelly, because he did no\u00ed want to be stop at one place but things the chance to some galler\u00edas of being their representative in their own state. Without forgeting Spain, he managed to introduce his works in Madrid, Murcia and Granada, where he exhibits individually He meets the Italian painter Osear Tugnoli, he joins agroup of artists at the Estudio 42 gallery in Ravenne (Italy) that represents them and they start making a proyect in order to take placIn spite of having get in touch with several galleries all over the U.S.A., he decides to go to Newe at fairs and congresses in Italy, Spain, France and Germany. York first, he visites Leo Castelli, whose fame was know in Spain so Torregrosa decides to ask for Castelli&#8217;s opini\u00f3n about his work and about his intention of working in such afastinating country as the U.S.A. Leo Castelli, kindly compared Torregrosa to one of the artists he represented. He gave Torregrosa some advise. Torregrosa wi 11 never forget Castelli&#8217;s words and will always be gratefi\u00edl to him. Castelli told Torregrosa that his works were excellent and suggested that he should never leave New York. He also insisted on Torregrosa working hard in that city because Castelli was sure that Torregrosa could be susccessful there. But due to Torregrosa&#8217;s enthusiasm, he went even farther.<\/p>\n<h3>1987<\/h3>\n<p>Two individua] exhibitions. He prepares a permanent exhibition for a tourist town called &#8220;LaNuc\u00eda&#8221; (Alicante). Hundreds of people from different countries visit it. He goes on meeting new people fromthe gaJleries in Valencia, Barcelona and Madrid are crowded with painters.\u00a0They don&#8217;t completely accept this new style of Torregrosa.<\/p>\n<h3>1988<\/h3>\n<p>He devotes a lot of his time to the permanent exhibition in La Nuc\u00edaDifficult times for him to f\u00ednd anyone who wanted to be his representative. So he starts getting in touch with galleries all around the U.S.A. In the end Aaron GaJlery in Washington D.C. admires his work and decides to represent him. This ment for him to have a door open in such abig country, his dreams come trae in spite of the diffi cuites he had come accross. He knew that the U.S. A. leads the world of art.<\/p>\n<h3>1989<\/h3>\n<p>Feeling stronger than ever, he decides to go to the U.S. A. to look for other gaJleries that were interested in being representatives of his. That year he managed to be represented in 3 galleries Miami (Florida) North Hollywood (Los Angeles) New Orleans (Louisiana).<\/p>\n<h3>1990<\/h3>\n<p>His curriculum increases considerably due to the fact that he gets twenty-eight more personal details about his painting because of his severa! participations at fairs and exhibitions. His faith and passion for his career make him realise which the best way for his work is. Because of his responsability, sincerity and seriousness, he becomes the best messanger of his own work which coming from his inner world, goes hand in hand with him as if they were fa\u00edher and son. New York, Houston (Texas), Atlanta, San Francisco, among some other cities in the U.S.A.; Italy and Spain in Europe are the places where Torregrosa&#8217;s painting show its esplendorous colour with his four styles, which he will go witli him for ever, because they are the essence of all he iearnt in his Ufe.<\/p>\n<h3>1991<\/h3>\n<p>His curriculum increases again- He gets, this time, thirty are more personal details about his work due to his participation at fours exhibitons and congresses. He participates in some collective exhibitions in New York. He gets represented in new galleries in chicago , Dallas (Texas) o Coral Cables (Florida). The most important fact for his is that his works are getting known and he meets new people and has the chance of getting promotion. He travels all around the USA coimecting with new galleries and knowing about how many possibilities that marvellous country has. He learns that provided you make the effort you can always get what you aim.<\/p>\n<h3>1992<\/h3>\n<p>He goes on evolving; he would like to be known everywhere. Although the things he does this year are very important for him, on\u00a9 of the most important ones was his individual exhibition for the opening of &#8220;Florida Museum of H\u00edspante and Lat\u00edn American Art&#8221; in Miami (U.S.A.). He is selected to partic\u00edpate at &#8221;New York-Soho International Competition 1992 al Montserrat Gallery&#8221;A member of the event was Mr. Dermis Wepman, editor of the New York Daily News (Author and Art Critic).Many ideas come to his mind this year. He crea\u00edes a place where anyone no matter where they are could be able to ask for information about his painting or his evolution.<\/p>\n<h3>1993<\/h3>\n<p>He is aJso selected for &#8221; The Fine aj\u00ed Jndee&#8221; North America Edition and in Spain &#8220;Artists of Art Book&#8221; in Barcelona, But he feels so happy because his drearns carne true. He finally creates his own institution in West Hollywood (California) USA &#8220;INSTTTUTION OF CREATIVE ART&#8221;. He creates some rules to be followed which prove that his efhic, his will and aim are to be followed in the fi\u00edtnre. He aJso intends that his work could contribute to help people who have problems all over the world. Bearing social problems on mind, he would like his work, having been created by his mind and hands to be able to help the ill through severa! Institut\u00edons.<\/p>\n<h3>1994<\/h3>\n<p>He still contin\u00faes taking part at fairs and exhibitions ai different places, but he is most interested in concentrating all his paintings in his own &#8221; INSTITUTION OF CREATIVE ART&#8221; to be capable of organiging an exhibition of his different styles. From this place he would like the world to know his work. This year he invites some other Spanish artists, in case they want to get known from his institution. He starts having contacts at galleries, museums in order to get himself known as well asother artists and the aim of his institution. He is not completely satisfied wit\u00edi the place where his institution is, so he moves to anew place also in Hollywood Blvd. The new place was better situated and accesible to everyone, so in September he starts operating there To beg\u00edn something is hard work but it is not a barrier for Torregrosa because he sta\u00edes he is working towards the infinite so it&#8217;s a never-ending walk.<\/p>\n<h3>1995<\/h3>\n<p>He decided not to have more artists whom to have in his institution because he could not meet the demande due to the inconstancy of the painters. By doing that he could follow his own rules followed in his Institution of Creative Art. Seriousness, formality and eficiency are the laws by him are the basis of his Institution. It is possible to invest in art in fhis Institution. Everyday his art is better valued due to the strong basis he sets up, as well as his art gets known slowly but steadly by many people from all walks oflife.<\/p>\n<h3>1996-1997<\/h3>\n<p>This is the last period up to now. All his work, idias, ide\u00e1is, \u00fclusions and so on are on the way to get known in many museums all over the world as well as to the people or great personalities inside the artistic world because Torregrosa wants nobody to doubt about his existence, his proyects and his artistic life. In this period of his life the most important for him is that he is praised and supported by some museums around the world. All he has is admired (his personality, work and Institution of Creative art). It might be difficult for some individu\u00e1is to get to love his art but he trusts that in the long mn they will do so, he will always f\u00edght to be there. That is why Torregrosa thanks God because his inspiration, his faith in his art and his constancy areGoing over his curriculum and his small biography we can see his way up in spite of his limited supported by many hearts which have beenpossibilities. From now on he thinks of going ahead stronger and stronger.conquered by his art.\u00a0We don&#8217;t imagine where he can arrive The truth is that he will go on fighting with all his strength in order to get higher. He believes that it is amust for him to do such thing and he gets satisfaction by doing so, and states that he is obliged to the people who have trusted him and his artistic careen.<\/p>\n<h3><strong>\u00a0<\/strong><\/h3>\n","protected":false},"excerpt":{"rendered":"<p>Through this artistic universe one day man wasborn and with him comprehension and artistic manifesta\u00edions have been happening throughout history.\u00a0True artists have\u00a0appeared every period of time and have contributed to raake Ufe more beautifi\u00edl. Althougli times have been changing, the essence of art has always remained the same. Today, while thousands of artists arise every [&hellip;]<\/p>\n","protected":false},"author":3,"featured_media":0,"parent":0,"menu_order":0,"comment_status":"open","ping_status":"open","template":"","meta":{"_acf_changed":false,"_et_pb_use_builder":"","_et_pb_old_content":"","_et_gb_content_width":"","footnotes":""},"class_list":["post-830","page","type-page","status-publish","hentry"],"acf":[],"yoast_head":"<!-- This site is optimized with the Yoast SEO plugin v25.6 - https:\/\/yoast.com\/wordpress\/plugins\/seo\/ -->\n<title>Biography - Francisco Torregrosa<\/title>\n<meta name=\"robots\" content=\"index, follow, max-snippet:-1, max-image-preview:large, max-video-preview:-1\" \/>\n<link rel=\"canonical\" href=\"https:\/\/www.franciscotorregrosa.com\/en\/biography\/\" \/>\n<meta property=\"og:locale\" content=\"en_US\" \/>\n<meta property=\"og:type\" content=\"article\" \/>\n<meta property=\"og:title\" content=\"Biography - Francisco Torregrosa\" \/>\n<meta property=\"og:description\" content=\"Through this artistic universe one day man wasborn and with him comprehension and artistic manifesta\u00edions have been happening throughout history.\u00a0True artists have\u00a0appeared every period of time and have contributed to raake Ufe more beautifi\u00edl. Althougli times have been changing, the essence of art has always remained the same. Today, while thousands of artists arise every [&hellip;]\" \/>\n<meta property=\"og:url\" content=\"https:\/\/www.franciscotorregrosa.com\/en\/biography\/\" \/>\n<meta property=\"og:site_name\" content=\"Francisco Torregrosa\" \/>\n<meta name=\"twitter:card\" content=\"summary_large_image\" \/>\n<meta name=\"twitter:label1\" content=\"Est. reading time\" \/>\n\t<meta name=\"twitter:data1\" content=\"16 minutes\" \/>\n<script type=\"application\/ld+json\" class=\"yoast-schema-graph\">{\"@context\":\"https:\/\/schema.org\",\"@graph\":[{\"@type\":\"WebPage\",\"@id\":\"https:\/\/www.franciscotorregrosa.com\/en\/biography\/\",\"url\":\"https:\/\/www.franciscotorregrosa.com\/en\/biography\/\",\"name\":\"Biography - Francisco Torregrosa\",\"isPartOf\":{\"@id\":\"https:\/\/www.franciscotorregrosa.com\/#website\"},\"datePublished\":\"2011-04-21T11:32:45+00:00\",\"breadcrumb\":{\"@id\":\"https:\/\/www.franciscotorregrosa.com\/en\/biography\/#breadcrumb\"},\"inLanguage\":\"en-US\",\"potentialAction\":[{\"@type\":\"ReadAction\",\"target\":[\"https:\/\/www.franciscotorregrosa.com\/en\/biography\/\"]}]},{\"@type\":\"BreadcrumbList\",\"@id\":\"https:\/\/www.franciscotorregrosa.com\/en\/biography\/#breadcrumb\",\"itemListElement\":[{\"@type\":\"ListItem\",\"position\":1,\"name\":\"Portada\",\"item\":\"https:\/\/www.franciscotorregrosa.com\/en\/\"},{\"@type\":\"ListItem\",\"position\":2,\"name\":\"Biography\"}]},{\"@type\":\"WebSite\",\"@id\":\"https:\/\/www.franciscotorregrosa.com\/#website\",\"url\":\"https:\/\/www.franciscotorregrosa.com\/\",\"name\":\"Francisco Torregrosa\",\"description\":\"Web del Pintor Francisco Torregrosa, aqu\u00ed podr\u00e1n encontrar todo lo referente a mis pinturas, exposiciones y  trayectoria art\u00edstica, que vengo realizando a trav\u00e9s de mi &#039;Casa Museo&#039; e &#039;Institution of Creative Art&#039;.\",\"potentialAction\":[{\"@type\":\"SearchAction\",\"target\":{\"@type\":\"EntryPoint\",\"urlTemplate\":\"https:\/\/www.franciscotorregrosa.com\/?s={search_term_string}\"},\"query-input\":{\"@type\":\"PropertyValueSpecification\",\"valueRequired\":true,\"valueName\":\"search_term_string\"}}],\"inLanguage\":\"en-US\"}]}<\/script>\n<!-- \/ Yoast SEO plugin. -->","yoast_head_json":{"title":"Biography - Francisco Torregrosa","robots":{"index":"index","follow":"follow","max-snippet":"max-snippet:-1","max-image-preview":"max-image-preview:large","max-video-preview":"max-video-preview:-1"},"canonical":"https:\/\/www.franciscotorregrosa.com\/en\/biography\/","og_locale":"en_US","og_type":"article","og_title":"Biography - Francisco Torregrosa","og_description":"Through this artistic universe one day man wasborn and with him comprehension and artistic manifesta\u00edions have been happening throughout history.\u00a0True artists have\u00a0appeared every period of time and have contributed to raake Ufe more beautifi\u00edl. Althougli times have been changing, the essence of art has always remained the same. Today, while thousands of artists arise every [&hellip;]","og_url":"https:\/\/www.franciscotorregrosa.com\/en\/biography\/","og_site_name":"Francisco Torregrosa","twitter_card":"summary_large_image","twitter_misc":{"Est. reading time":"16 minutes"},"schema":{"@context":"https:\/\/schema.org","@graph":[{"@type":"WebPage","@id":"https:\/\/www.franciscotorregrosa.com\/en\/biography\/","url":"https:\/\/www.franciscotorregrosa.com\/en\/biography\/","name":"Biography - Francisco Torregrosa","isPartOf":{"@id":"https:\/\/www.franciscotorregrosa.com\/#website"},"datePublished":"2011-04-21T11:32:45+00:00","breadcrumb":{"@id":"https:\/\/www.franciscotorregrosa.com\/en\/biography\/#breadcrumb"},"inLanguage":"en-US","potentialAction":[{"@type":"ReadAction","target":["https:\/\/www.franciscotorregrosa.com\/en\/biography\/"]}]},{"@type":"BreadcrumbList","@id":"https:\/\/www.franciscotorregrosa.com\/en\/biography\/#breadcrumb","itemListElement":[{"@type":"ListItem","position":1,"name":"Portada","item":"https:\/\/www.franciscotorregrosa.com\/en\/"},{"@type":"ListItem","position":2,"name":"Biography"}]},{"@type":"WebSite","@id":"https:\/\/www.franciscotorregrosa.com\/#website","url":"https:\/\/www.franciscotorregrosa.com\/","name":"Francisco Torregrosa","description":"Web del Pintor Francisco Torregrosa, aqu\u00ed podr\u00e1n encontrar todo lo referente a mis pinturas, exposiciones y  trayectoria art\u00edstica, que vengo realizando a trav\u00e9s de mi &#039;Casa Museo&#039; e &#039;Institution of Creative Art&#039;.","potentialAction":[{"@type":"SearchAction","target":{"@type":"EntryPoint","urlTemplate":"https:\/\/www.franciscotorregrosa.com\/?s={search_term_string}"},"query-input":{"@type":"PropertyValueSpecification","valueRequired":true,"valueName":"search_term_string"}}],"inLanguage":"en-US"}]}},"_links":{"self":[{"href":"https:\/\/www.franciscotorregrosa.com\/en\/wp-json\/wp\/v2\/pages\/830"}],"collection":[{"href":"https:\/\/www.franciscotorregrosa.com\/en\/wp-json\/wp\/v2\/pages"}],"about":[{"href":"https:\/\/www.franciscotorregrosa.com\/en\/wp-json\/wp\/v2\/types\/page"}],"author":[{"embeddable":true,"href":"https:\/\/www.franciscotorregrosa.com\/en\/wp-json\/wp\/v2\/users\/3"}],"replies":[{"embeddable":true,"href":"https:\/\/www.franciscotorregrosa.com\/en\/wp-json\/wp\/v2\/comments?post=830"}],"version-history":[{"count":0,"href":"https:\/\/www.franciscotorregrosa.com\/en\/wp-json\/wp\/v2\/pages\/830\/revisions"}],"wp:attachment":[{"href":"https:\/\/www.franciscotorregrosa.com\/en\/wp-json\/wp\/v2\/media?parent=830"}],"curies":[{"name":"wp","href":"https:\/\/api.w.org\/{rel}","templated":true}]}}