{"id":846,"date":"2011-04-21T13:42:13","date_gmt":"2011-04-21T13:42:13","guid":{"rendered":"http:\/\/www.franciscotorregrosa.com\/series-cosmos\/"},"modified":"2011-04-21T13:42:13","modified_gmt":"2011-04-21T13:42:13","slug":"series-cosmos","status":"publish","type":"page","link":"https:\/\/www.franciscotorregrosa.com\/en\/series-cosmos\/","title":{"rendered":"Series Cosmos"},"content":{"rendered":"<p>Mixed Technic with sand: &#8220;Series Cosmos&#8221;, here the artist reflects a rude and real universe in which he combines the colors with the same nature, showing a world of fantasy, giving life and expression to a life that was dull.<\/p>\n","protected":false},"excerpt":{"rendered":"<p>Mixed Technic with sand: &#8220;Series Cosmos&#8221;, here the artist reflects a rude and real universe in which he combines the colors with the same nature, showing a world of fantasy, giving life and expression to a life that was dull.<\/p>\n","protected":false},"author":3,"featured_media":0,"parent":0,"menu_order":0,"comment_status":"open","ping_status":"open","template":"","meta":{"_acf_changed":false,"_et_pb_use_builder":"","_et_pb_old_content":"","_et_gb_content_width":"","footnotes":""},"class_list":["post-846","page","type-page","status-publish","hentry"],"acf":[],"yoast_head":"<!-- This site is optimized with the Yoast SEO plugin v25.6 - https:\/\/yoast.com\/wordpress\/plugins\/seo\/ -->\n<title>Series Cosmos - Francisco Torregrosa<\/title>\n<meta name=\"robots\" content=\"index, follow, max-snippet:-1, max-image-preview:large, max-video-preview:-1\" \/>\n<link rel=\"canonical\" href=\"https:\/\/www.franciscotorregrosa.com\/en\/series-cosmos\/\" \/>\n<meta property=\"og:locale\" content=\"en_US\" \/>\n<meta property=\"og:type\" content=\"article\" \/>\n<meta property=\"og:title\" content=\"Series Cosmos - Francisco Torregrosa\" \/>\n<meta property=\"og:description\" content=\"Mixed Technic with sand: &#8220;Series Cosmos&#8221;, here the artist reflects a rude and real universe in which he combines the colors with the same nature, showing a world of fantasy, giving life and expression to a life that was dull.\" \/>\n<meta property=\"og:url\" content=\"https:\/\/www.franciscotorregrosa.com\/en\/series-cosmos\/\" \/>\n<meta property=\"og:site_name\" content=\"Francisco Torregrosa\" \/>\n<meta name=\"twitter:card\" content=\"summary_large_image\" \/>\n<script type=\"application\/ld+json\" class=\"yoast-schema-graph\">{\"@context\":\"https:\/\/schema.org\",\"@graph\":[{\"@type\":\"WebPage\",\"@id\":\"https:\/\/www.franciscotorregrosa.com\/en\/series-cosmos\/\",\"url\":\"https:\/\/www.franciscotorregrosa.com\/en\/series-cosmos\/\",\"name\":\"Series Cosmos - Francisco Torregrosa\",\"isPartOf\":{\"@id\":\"https:\/\/www.franciscotorregrosa.com\/#website\"},\"datePublished\":\"2011-04-21T13:42:13+00:00\",\"breadcrumb\":{\"@id\":\"https:\/\/www.franciscotorregrosa.com\/en\/series-cosmos\/#breadcrumb\"},\"inLanguage\":\"en-US\",\"potentialAction\":[{\"@type\":\"ReadAction\",\"target\":[\"https:\/\/www.franciscotorregrosa.com\/en\/series-cosmos\/\"]}]},{\"@type\":\"BreadcrumbList\",\"@id\":\"https:\/\/www.franciscotorregrosa.com\/en\/series-cosmos\/#breadcrumb\",\"itemListElement\":[{\"@type\":\"ListItem\",\"position\":1,\"name\":\"Portada\",\"item\":\"https:\/\/www.franciscotorregrosa.com\/en\/\"},{\"@type\":\"ListItem\",\"position\":2,\"name\":\"Series Cosmos\"}]},{\"@type\":\"WebSite\",\"@id\":\"https:\/\/www.franciscotorregrosa.com\/#website\",\"url\":\"https:\/\/www.franciscotorregrosa.com\/\",\"name\":\"Francisco Torregrosa\",\"description\":\"Web del Pintor Francisco Torregrosa, aqu\u00ed podr\u00e1n encontrar todo lo referente a mis pinturas, exposiciones y  trayectoria art\u00edstica, que vengo realizando a trav\u00e9s de mi &#039;Casa Museo&#039; e &#039;Institution of Creative Art&#039;.\",\"potentialAction\":[{\"@type\":\"SearchAction\",\"target\":{\"@type\":\"EntryPoint\",\"urlTemplate\":\"https:\/\/www.franciscotorregrosa.com\/?s={search_term_string}\"},\"query-input\":{\"@type\":\"PropertyValueSpecification\",\"valueRequired\":true,\"valueName\":\"search_term_string\"}}],\"inLanguage\":\"en-US\"}]}<\/script>\n<!-- \/ Yoast SEO plugin. -->","yoast_head_json":{"title":"Series Cosmos - Francisco Torregrosa","robots":{"index":"index","follow":"follow","max-snippet":"max-snippet:-1","max-image-preview":"max-image-preview:large","max-video-preview":"max-video-preview:-1"},"canonical":"https:\/\/www.franciscotorregrosa.com\/en\/series-cosmos\/","og_locale":"en_US","og_type":"article","og_title":"Series Cosmos - Francisco Torregrosa","og_description":"Mixed Technic with sand: &#8220;Series Cosmos&#8221;, here the artist reflects a rude and real universe in which he combines the colors with the same nature, showing a world of fantasy, giving life and expression to a life that was dull.","og_url":"https:\/\/www.franciscotorregrosa.com\/en\/series-cosmos\/","og_site_name":"Francisco Torregrosa","twitter_card":"summary_large_image","schema":{"@context":"https:\/\/schema.org","@graph":[{"@type":"WebPage","@id":"https:\/\/www.franciscotorregrosa.com\/en\/series-cosmos\/","url":"https:\/\/www.franciscotorregrosa.com\/en\/series-cosmos\/","name":"Series Cosmos - Francisco Torregrosa","isPartOf":{"@id":"https:\/\/www.franciscotorregrosa.com\/#website"},"datePublished":"2011-04-21T13:42:13+00:00","breadcrumb":{"@id":"https:\/\/www.franciscotorregrosa.com\/en\/series-cosmos\/#breadcrumb"},"inLanguage":"en-US","potentialAction":[{"@type":"ReadAction","target":["https:\/\/www.franciscotorregrosa.com\/en\/series-cosmos\/"]}]},{"@type":"BreadcrumbList","@id":"https:\/\/www.franciscotorregrosa.com\/en\/series-cosmos\/#breadcrumb","itemListElement":[{"@type":"ListItem","position":1,"name":"Portada","item":"https:\/\/www.franciscotorregrosa.com\/en\/"},{"@type":"ListItem","position":2,"name":"Series Cosmos"}]},{"@type":"WebSite","@id":"https:\/\/www.franciscotorregrosa.com\/#website","url":"https:\/\/www.franciscotorregrosa.com\/","name":"Francisco Torregrosa","description":"Web del Pintor Francisco Torregrosa, aqu\u00ed podr\u00e1n encontrar todo lo referente a mis pinturas, exposiciones y  trayectoria art\u00edstica, que vengo realizando a trav\u00e9s de mi &#039;Casa Museo&#039; e &#039;Institution of Creative Art&#039;.","potentialAction":[{"@type":"SearchAction","target":{"@type":"EntryPoint","urlTemplate":"https:\/\/www.franciscotorregrosa.com\/?s={search_term_string}"},"query-input":{"@type":"PropertyValueSpecification","valueRequired":true,"valueName":"search_term_string"}}],"inLanguage":"en-US"}]}},"_links":{"self":[{"href":"https:\/\/www.franciscotorregrosa.com\/en\/wp-json\/wp\/v2\/pages\/846"}],"collection":[{"href":"https:\/\/www.franciscotorregrosa.com\/en\/wp-json\/wp\/v2\/pages"}],"about":[{"href":"https:\/\/www.franciscotorregrosa.com\/en\/wp-json\/wp\/v2\/types\/page"}],"author":[{"embeddable":true,"href":"https:\/\/www.franciscotorregrosa.com\/en\/wp-json\/wp\/v2\/users\/3"}],"replies":[{"embeddable":true,"href":"https:\/\/www.franciscotorregrosa.com\/en\/wp-json\/wp\/v2\/comments?post=846"}],"version-history":[{"count":0,"href":"https:\/\/www.franciscotorregrosa.com\/en\/wp-json\/wp\/v2\/pages\/846\/revisions"}],"wp:attachment":[{"href":"https:\/\/www.franciscotorregrosa.com\/en\/wp-json\/wp\/v2\/media?parent=846"}],"curies":[{"name":"wp","href":"https:\/\/api.w.org\/{rel}","templated":true}]}}